{"id":21,"date":"2026-03-24T13:56:35","date_gmt":"2026-03-24T13:56:35","guid":{"rendered":"https:\/\/dev.robertpereira.com.br\/projetos\/?page_id=21"},"modified":"2026-03-31T18:16:14","modified_gmt":"2026-03-31T18:16:14","slug":"vinicola","status":"publish","type":"page","link":"https:\/\/ruizgastaldo.com.br\/ruiz\/vinicola\/","title":{"rendered":"Vin\u00edcola"},"content":{"rendered":"\t\t<div data-elementor-type=\"wp-page\" data-elementor-id=\"21\" class=\"elementor elementor-21\" data-elementor-post-type=\"page\">\n\t\t\t\t<div class=\"elementor-element elementor-element-16eb83d vinicola e-flex e-con-boxed e-con e-parent\" data-id=\"16eb83d\" data-element_type=\"container\" data-e-type=\"container\">\n\t\t\t\t\t<div class=\"e-con-inner\">\n\t\t\t\t<div class=\"elementor-element elementor-element-9ea5361 elementor-widget__width-initial a balance elementor-widget elementor-widget-icon-box\" data-id=\"9ea5361\" data-element_type=\"widget\" data-e-type=\"widget\" data-widget_type=\"icon-box.default\">\n\t\t\t\t\t\t\t<div class=\"elementor-icon-box-wrapper\">\n\n\t\t\t\n\t\t\t\t\t\t<div class=\"elementor-icon-box-content\">\n\n\t\t\t\t\t\t\t\t\t<h2 class=\"elementor-icon-box-title\">\n\t\t\t\t\t\t<span  >\n\t\t\t\t\t\t\tVIN\u00cdCOLA\t\t\t\t\t\t<\/span>\n\t\t\t\t\t<\/h2>\n\t\t\t\t\n\t\t\t\t\t\t\t\t\t<p class=\"elementor-icon-box-description\">\n\t\t\t\t\t\t<div class=\"paragrafo\">\n<p>\u201cH\u00e1 um s\u00e9culo, meu bisav\u00f4, o imigrante Italiano Janu\u00e1rio Greco, <br>j\u00e1 plantava uvas e vinificava para consumo familiar, em pleno centro <br>de Porto Alegre, na Av. Independ\u00eancia.\u201d<\/p>\n\n<p>Eduardo Gastaldo <span class=\"quebra\">Fundador da Ruiz Gastaldo<\/span><\/p>\n<\/div>\t\t\t\t\t<\/p>\n\t\t\t\t\n\t\t\t<\/div>\n\t\t\t\n\t\t<\/div>\n\t\t\t\t\t\t<\/div>\n\t\t\t\t<div class=\"elementor-element elementor-element-56153f6 elementor-position-left elementor-vertical-align-middle imagem b elementor-vertical-align-middle elementor-widget elementor-widget-image-box\" data-id=\"56153f6\" data-element_type=\"widget\" data-e-type=\"widget\" data-widget_type=\"image-box.default\">\n\t\t\t\t\t<div class=\"elementor-image-box-wrapper\"><figure class=\"elementor-image-box-img\"><img loading=\"lazy\" decoding=\"async\" width=\"250\" height=\"250\" src=\"https:\/\/ruizgastaldo.com.br\/ruiz\/wp-content\/uploads\/2026\/03\/imagem-6-vinicola.webp\" class=\"attachment-full size-full wp-image-203\" alt=\"\" srcset=\"https:\/\/ruizgastaldo.com.br\/ruiz\/wp-content\/uploads\/2026\/03\/imagem-6-vinicola.webp 250w, https:\/\/ruizgastaldo.com.br\/ruiz\/wp-content\/uploads\/2026\/03\/imagem-6-vinicola-150x150.webp 150w\" sizes=\"auto, (max-width: 250px) 100vw, 250px\" \/><\/figure><div class=\"elementor-image-box-content\"><h3 class=\"elementor-image-box-title\">Porto Alegre, 1920<\/h3><p class=\"elementor-image-box-description\">Janu\u00e1rio Greco, bisav\u00f4 de Eduardo Gastaldo <span class=\"destaque\">(fundador e produtor da Vin\u00edcola Ruiz Gastaldo), italiano de Castellabate,<\/span> plantava e vinificava para consumo familiar, em sua resid\u00eancia na Av Independ\u00eancia, no centro desta cidade.<\/p><\/div><\/div>\t\t\t\t<\/div>\n\t\t\t\t<div class=\"elementor-element elementor-element-01ac112 elementor-position-left elementor-vertical-align-middle imagem c elementor-widget elementor-widget-image-box\" data-id=\"01ac112\" data-element_type=\"widget\" data-e-type=\"widget\" data-widget_type=\"image-box.default\">\n\t\t\t\t\t<div class=\"elementor-image-box-wrapper\"><figure class=\"elementor-image-box-img\"><img loading=\"lazy\" decoding=\"async\" width=\"250\" height=\"250\" src=\"https:\/\/ruizgastaldo.com.br\/ruiz\/wp-content\/uploads\/2026\/03\/imagem-2-vinicola.webp\" class=\"attachment-full size-full wp-image-195\" alt=\"\" srcset=\"https:\/\/ruizgastaldo.com.br\/ruiz\/wp-content\/uploads\/2026\/03\/imagem-2-vinicola.webp 250w, https:\/\/ruizgastaldo.com.br\/ruiz\/wp-content\/uploads\/2026\/03\/imagem-2-vinicola-150x150.webp 150w\" sizes=\"auto, (max-width: 250px) 100vw, 250px\" \/><\/figure><div class=\"elementor-image-box-content\"><h3 class=\"elementor-image-box-title\">Porto Alegre, 2016<\/h3><p class=\"elementor-image-box-description\">O come\u00e7o de um sonho \u2013 Ap\u00f3s alguns ensaios, Eduardo, <span class=\"destaque\">apreciador de vinho se prepara para realizar o sonho de produzir seu pr\u00f3prio vinho.<\/span>\n<\/p><\/div><\/div>\t\t\t\t<\/div>\n\t\t\t\t<div class=\"elementor-element elementor-element-0955c17 elementor-position-left elementor-vertical-align-middle imagem d elementor-widget elementor-widget-image-box\" data-id=\"0955c17\" data-element_type=\"widget\" data-e-type=\"widget\" data-widget_type=\"image-box.default\">\n\t\t\t\t\t<div class=\"elementor-image-box-wrapper\"><figure class=\"elementor-image-box-img\"><img loading=\"lazy\" decoding=\"async\" width=\"250\" height=\"250\" src=\"https:\/\/ruizgastaldo.com.br\/ruiz\/wp-content\/uploads\/2026\/03\/imagem-3-vinicola.webp\" class=\"attachment-full size-full wp-image-198\" alt=\"\" srcset=\"https:\/\/ruizgastaldo.com.br\/ruiz\/wp-content\/uploads\/2026\/03\/imagem-3-vinicola.webp 250w, https:\/\/ruizgastaldo.com.br\/ruiz\/wp-content\/uploads\/2026\/03\/imagem-3-vinicola-150x150.webp 150w\" sizes=\"auto, (max-width: 250px) 100vw, 250px\" \/><\/figure><div class=\"elementor-image-box-content\"><h3 class=\"elementor-image-box-title\">Porto Alegre, 2017<\/h3><p class=\"elementor-image-box-description\">Com recursos limitados a primeira vinifica\u00e7\u00e3o, <span class=\"destaque\">com uvas Cabernet Sauvignon, de Bento Gon\u00e7alves (RS),<\/span> que deu origem ao vinho Jo\u00e3o Pedro.\n<\/p><\/div><\/div>\t\t\t\t<\/div>\n\t\t\t\t<div class=\"elementor-element elementor-element-b346d4a elementor-position-left elementor-vertical-align-middle imagem e elementor-widget elementor-widget-image-box\" data-id=\"b346d4a\" data-element_type=\"widget\" data-e-type=\"widget\" data-widget_type=\"image-box.default\">\n\t\t\t\t\t<div class=\"elementor-image-box-wrapper\"><figure class=\"elementor-image-box-img\"><img loading=\"lazy\" decoding=\"async\" width=\"250\" height=\"250\" src=\"https:\/\/ruizgastaldo.com.br\/ruiz\/wp-content\/uploads\/2026\/03\/imagem-4-vinicola.webp\" class=\"attachment-full size-full wp-image-200\" alt=\"\" srcset=\"https:\/\/ruizgastaldo.com.br\/ruiz\/wp-content\/uploads\/2026\/03\/imagem-4-vinicola.webp 250w, https:\/\/ruizgastaldo.com.br\/ruiz\/wp-content\/uploads\/2026\/03\/imagem-4-vinicola-150x150.webp 150w\" sizes=\"auto, (max-width: 250px) 100vw, 250px\" \/><\/figure><div class=\"elementor-image-box-content\"><h3 class=\"elementor-image-box-title\">Porto Alegre, 2018<\/h3><p class=\"elementor-image-box-description\"><span class=\"destaque\">Os bons resultados obtidos como vinhateiro<\/span> fizeram com que investisse na adequa\u00e7\u00e3o do espa\u00e7o para atender as normas vigentes.\n<\/p><\/div><\/div>\t\t\t\t<\/div>\n\t\t\t\t<div class=\"elementor-element elementor-element-e591538 elementor-position-left elementor-vertical-align-middle imagem f elementor-widget elementor-widget-image-box\" data-id=\"e591538\" data-element_type=\"widget\" data-e-type=\"widget\" data-widget_type=\"image-box.default\">\n\t\t\t\t\t<div class=\"elementor-image-box-wrapper\"><figure class=\"elementor-image-box-img\"><img loading=\"lazy\" decoding=\"async\" width=\"250\" height=\"250\" src=\"https:\/\/ruizgastaldo.com.br\/ruiz\/wp-content\/uploads\/2026\/03\/imagem-5-vinicola.webp\" class=\"attachment-full size-full wp-image-202\" alt=\"\" srcset=\"https:\/\/ruizgastaldo.com.br\/ruiz\/wp-content\/uploads\/2026\/03\/imagem-5-vinicola.webp 250w, https:\/\/ruizgastaldo.com.br\/ruiz\/wp-content\/uploads\/2026\/03\/imagem-5-vinicola-150x150.webp 150w\" sizes=\"auto, (max-width: 250px) 100vw, 250px\" \/><\/figure><div class=\"elementor-image-box-content\"><h3 class=\"elementor-image-box-title\">Porto Alegre, 2019<\/h3><p class=\"elementor-image-box-description\">Com licen\u00e7as em dia, o Brasil ganha sua primeira vin\u00edcola urbana. Com o registro junto aos \u00f3rg\u00e3os competentes, <span class=\"destaque\">passa a vender para estabelecimentos comerciais e promover degusta\u00e7\u00f5es e jantares harmonizados.<\/span>\n<\/p><\/div><\/div>\t\t\t\t<\/div>\n\t\t\t\t<div class=\"elementor-element elementor-element-5eb4005 elementor-position-left elementor-vertical-align-middle imagem g elementor-widget elementor-widget-image-box\" data-id=\"5eb4005\" data-element_type=\"widget\" data-e-type=\"widget\" data-widget_type=\"image-box.default\">\n\t\t\t\t\t<div class=\"elementor-image-box-wrapper\"><figure class=\"elementor-image-box-img\"><img loading=\"lazy\" decoding=\"async\" width=\"250\" height=\"250\" src=\"https:\/\/ruizgastaldo.com.br\/ruiz\/wp-content\/uploads\/2026\/03\/imagem-6-2-vinicola.webp\" class=\"attachment-full size-full wp-image-781\" alt=\"\" srcset=\"https:\/\/ruizgastaldo.com.br\/ruiz\/wp-content\/uploads\/2026\/03\/imagem-6-2-vinicola.webp 250w, https:\/\/ruizgastaldo.com.br\/ruiz\/wp-content\/uploads\/2026\/03\/imagem-6-2-vinicola-150x150.webp 150w, https:\/\/ruizgastaldo.com.br\/ruiz\/wp-content\/uploads\/2026\/03\/imagem-6-2-vinicola-24x24.webp 24w, https:\/\/ruizgastaldo.com.br\/ruiz\/wp-content\/uploads\/2026\/03\/imagem-6-2-vinicola-48x48.webp 48w, https:\/\/ruizgastaldo.com.br\/ruiz\/wp-content\/uploads\/2026\/03\/imagem-6-2-vinicola-96x96.webp 96w\" sizes=\"auto, (max-width: 250px) 100vw, 250px\" \/><\/figure><div class=\"elementor-image-box-content\"><h3 class=\"elementor-image-box-title\">Porto Alegre, 2026<\/h3><p class=\"elementor-image-box-description\">Assim como o vinho amadurece com o tempo, a Ruiz Gastaldo tamb\u00e9m amadureceu. <span class=\"destaque\">A d\u00e9cima safra marca um novo cap\u00edtulo. A renova\u00e7\u00e3o da marca e dos r\u00f3tulos reflete esse momento<\/span> \u2014 uma express\u00e3o mais precisa de nossa identidade, dos nossos valores e do olhar que conduzimos nossos vinhos.\n<\/p><\/div><\/div>\t\t\t\t<\/div>\n\t\t\t\t\t<\/div>\n\t\t\t\t<\/div>\n\t\t\t\t<\/div>\n\t\t","protected":false},"excerpt":{"rendered":"<p>VIN\u00cdCOLA \u201cH\u00e1 um s\u00e9culo, meu bisav\u00f4, o imigrante Italiano Janu\u00e1rio Greco, j\u00e1 plantava uvas e vinificava para consumo familiar, em pleno centro de Porto Alegre, na Av. Independ\u00eancia.\u201d Eduardo Gastaldo Fundador da Ruiz Gastaldo Porto Alegre, 1920 Janu\u00e1rio Greco, bisav\u00f4 de Eduardo Gastaldo (fundador e produtor da Vin\u00edcola Ruiz Gastaldo), italiano de Castellabate, plantava e [&hellip;]<\/p>\n","protected":false},"author":1,"featured_media":0,"parent":0,"menu_order":0,"comment_status":"closed","ping_status":"closed","template":"elementor_header_footer","meta":{"footnotes":""},"class_list":["post-21","page","type-page","status-publish","hentry"],"_links":{"self":[{"href":"https:\/\/ruizgastaldo.com.br\/ruiz\/wp-json\/wp\/v2\/pages\/21","targetHints":{"allow":["GET"]}}],"collection":[{"href":"https:\/\/ruizgastaldo.com.br\/ruiz\/wp-json\/wp\/v2\/pages"}],"about":[{"href":"https:\/\/ruizgastaldo.com.br\/ruiz\/wp-json\/wp\/v2\/types\/page"}],"author":[{"embeddable":true,"href":"https:\/\/ruizgastaldo.com.br\/ruiz\/wp-json\/wp\/v2\/users\/1"}],"replies":[{"embeddable":true,"href":"https:\/\/ruizgastaldo.com.br\/ruiz\/wp-json\/wp\/v2\/comments?post=21"}],"version-history":[{"count":4,"href":"https:\/\/ruizgastaldo.com.br\/ruiz\/wp-json\/wp\/v2\/pages\/21\/revisions"}],"predecessor-version":[{"id":816,"href":"https:\/\/ruizgastaldo.com.br\/ruiz\/wp-json\/wp\/v2\/pages\/21\/revisions\/816"}],"wp:attachment":[{"href":"https:\/\/ruizgastaldo.com.br\/ruiz\/wp-json\/wp\/v2\/media?parent=21"}],"curies":[{"name":"wp","href":"https:\/\/api.w.org\/{rel}","templated":true}]}}