{"id":1280,"date":"2026-04-10T03:07:47","date_gmt":"2026-04-10T03:07:47","guid":{"rendered":"https:\/\/ruizgastaldo.com.br\/ruiz\/?page_id=1280"},"modified":"2026-04-10T03:11:33","modified_gmt":"2026-04-10T03:11:33","slug":"visite-a-vinicola","status":"publish","type":"page","link":"https:\/\/ruizgastaldo.com.br\/ruiz\/visite-a-vinicola\/","title":{"rendered":"Visite a Vin\u00edcola"},"content":{"rendered":"\t\t<div data-elementor-type=\"wp-page\" data-elementor-id=\"1280\" class=\"elementor elementor-1280\" data-elementor-post-type=\"page\">\n\t\t\t\t<div class=\"elementor-element elementor-element-cad9ca4 visite e-flex e-con-boxed e-con e-parent\" data-id=\"cad9ca4\" data-element_type=\"container\" data-e-type=\"container\" data-settings=\"{&quot;background_background&quot;:&quot;classic&quot;}\">\n\t\t\t\t\t<div class=\"e-con-inner\">\n\t\t\t\t<div class=\"elementor-element elementor-element-6b1ca6e a efeito-cima elementor-widget elementor-widget-heading\" data-id=\"6b1ca6e\" data-element_type=\"widget\" data-e-type=\"widget\" data-widget_type=\"heading.default\">\n\t\t\t\t\t<h2 class=\"elementor-heading-title elementor-size-default\">VISITE A VIN\u00cdCOLA<\/h2>\t\t\t\t<\/div>\n\t\t<div class=\"elementor-element elementor-element-5d95c9b e-con-full c efeito-esquerda e-flex e-con e-child\" data-id=\"5d95c9b\" data-element_type=\"container\" data-e-type=\"container\">\n\t\t\t\t<div class=\"elementor-element elementor-element-2efa787 elementor-widget elementor-widget-heading\" data-id=\"2efa787\" data-element_type=\"widget\" data-e-type=\"widget\" data-widget_type=\"heading.default\">\n\t\t\t\t\t<div class=\"elementor-heading-title elementor-size-default\"><div class=\"paragrafo\">\n  <p>No cora\u00e7\u00e3o de Porto Alegre, <span class=\"destaque\">a Ruiz Gastaldo recebe visitantes para experi\u00eancias intimistas<\/span> em torno do vinho.<\/p>\n\n  <p>Degusta\u00e7\u00f5es conduzidas <span class=\"destaque\">revelam nossa hist\u00f3ria, o estilo da casa e a express\u00e3o de cada safra<\/span> \u2014 sempre em pequenos grupos, onde o tempo, a conversa e a aten\u00e7\u00e3o aos detalhes fazem parte da experi\u00eancia.<\/p>\n\n  <p>Realizamos eventos abertos ao p\u00fablico e tamb\u00e9m encontros privados para confrarias e eventos empresariais, sempre com olhar atento \u00e0 gastronomia. <span class=\"destaque\">Em parceria com chefs convidados, criamos harmoniza\u00e7\u00f5es que ampliam a experi\u00eancia \u00e0 mesa.<\/span><\/p>\n<\/div>\n\n<H3>Agende sua visita e venha conhecer a Ruiz Gastaldo.<\/H3><\/div>\t\t\t\t<\/div>\n\t\t\t\t<div class=\"elementor-element elementor-element-575286f botao-principal elementor-widget elementor-widget-button\" data-id=\"575286f\" data-element_type=\"widget\" data-e-type=\"widget\" data-widget_type=\"button.default\">\n\t\t\t\t\t\t\t\t\t\t<a class=\"elementor-button elementor-button-link elementor-size-sm\" href=\"#\">\n\t\t\t\t\t\t<span class=\"elementor-button-content-wrapper\">\n\t\t\t\t\t\t<span class=\"elementor-button-icon\">\n\t\t\t\t<svg xmlns=\"http:\/\/www.w3.org\/2000\/svg\" width=\"37\" height=\"9\" viewBox=\"0 0 37 9\" fill=\"none\"><path d=\"M33.25 0.75L36.25 4.25L33.25 7.75\" stroke=\"#80786B\" stroke-width=\"1.5\" stroke-miterlimit=\"10\" stroke-linecap=\"round\" stroke-linejoin=\"round\"><\/path><path d=\"M0.75 4.17969L35.75 4.17969\" stroke=\"#80786B\" stroke-width=\"1.5\" stroke-miterlimit=\"10\" stroke-linecap=\"round\" stroke-linejoin=\"round\"><\/path><\/svg>\t\t\t<\/span>\n\t\t\t\t\t\t\t\t\t<span class=\"elementor-button-text\">Agendar visita<\/span>\n\t\t\t\t\t<\/span>\n\t\t\t\t\t<\/a>\n\t\t\t\t\t\t\t\t<\/div>\n\t\t\t\t<\/div>\n\t\t<div class=\"elementor-element elementor-element-6e296b7 e-con-full container-slide b e-flex e-con e-child\" data-id=\"6e296b7\" data-element_type=\"container\" data-e-type=\"container\" data-settings=\"{&quot;background_background&quot;:&quot;slideshow&quot;,&quot;background_slideshow_gallery&quot;:[{&quot;id&quot;:193,&quot;url&quot;:&quot;https:\\\/\\\/ruizgastaldo.com.br\\\/ruiz\\\/wp-content\\\/uploads\\\/2026\\\/03\\\/imagem-1-visite.webp&quot;},{&quot;id&quot;:196,&quot;url&quot;:&quot;https:\\\/\\\/ruizgastaldo.com.br\\\/ruiz\\\/wp-content\\\/uploads\\\/2026\\\/03\\\/imagem-2-visite.webp&quot;}],&quot;background_slideshow_loop&quot;:&quot;yes&quot;,&quot;background_slideshow_slide_duration&quot;:5000,&quot;background_slideshow_slide_transition&quot;:&quot;fade&quot;,&quot;background_slideshow_transition_duration&quot;:500}\">\n\t\t\t\t<\/div>\n\t\t\t\t\t<\/div>\n\t\t\t\t<\/div>\n\t\t\t\t<\/div>\n\t\t","protected":false},"excerpt":{"rendered":"<p>VISITE A VIN\u00cdCOLA No cora\u00e7\u00e3o de Porto Alegre, a Ruiz Gastaldo recebe visitantes para experi\u00eancias intimistas em torno do vinho. Degusta\u00e7\u00f5es conduzidas revelam nossa hist\u00f3ria, o estilo da casa e a express\u00e3o de cada safra \u2014 sempre em pequenos grupos, onde o tempo, a conversa e a aten\u00e7\u00e3o aos detalhes fazem parte da experi\u00eancia. Realizamos [&hellip;]<\/p>\n","protected":false},"author":1,"featured_media":0,"parent":0,"menu_order":0,"comment_status":"closed","ping_status":"closed","template":"elementor_header_footer","meta":{"footnotes":""},"class_list":["post-1280","page","type-page","status-publish","hentry"],"_links":{"self":[{"href":"https:\/\/ruizgastaldo.com.br\/ruiz\/wp-json\/wp\/v2\/pages\/1280","targetHints":{"allow":["GET"]}}],"collection":[{"href":"https:\/\/ruizgastaldo.com.br\/ruiz\/wp-json\/wp\/v2\/pages"}],"about":[{"href":"https:\/\/ruizgastaldo.com.br\/ruiz\/wp-json\/wp\/v2\/types\/page"}],"author":[{"embeddable":true,"href":"https:\/\/ruizgastaldo.com.br\/ruiz\/wp-json\/wp\/v2\/users\/1"}],"replies":[{"embeddable":true,"href":"https:\/\/ruizgastaldo.com.br\/ruiz\/wp-json\/wp\/v2\/comments?post=1280"}],"version-history":[{"count":4,"href":"https:\/\/ruizgastaldo.com.br\/ruiz\/wp-json\/wp\/v2\/pages\/1280\/revisions"}],"predecessor-version":[{"id":1285,"href":"https:\/\/ruizgastaldo.com.br\/ruiz\/wp-json\/wp\/v2\/pages\/1280\/revisions\/1285"}],"wp:attachment":[{"href":"https:\/\/ruizgastaldo.com.br\/ruiz\/wp-json\/wp\/v2\/media?parent=1280"}],"curies":[{"name":"wp","href":"https:\/\/api.w.org\/{rel}","templated":true}]}}